{"id":4716,"date":"2020-12-15T05:05:35","date_gmt":"2020-12-15T05:05:35","guid":{"rendered":"https:\/\/themes.themegoods.com\/grandrestaurantv6\/?page_id=4716"},"modified":"2024-11-25T10:56:56","modified_gmt":"2024-11-25T10:56:56","slug":"hakkimizda","status":"publish","type":"page","link":"https:\/\/udmamuze.com\/en-uk\/hakkimizda\/","title":{"rendered":"Hakk\u0131m\u0131zda"},"content":{"rendered":"<div data-elementor-type=\"wp-page\" data-elementor-id=\"4716\" class=\"elementor elementor-4716\">\n\t\t\t\t\t\t<section class=\"elementor-section elementor-top-section elementor-element elementor-element-0858780 elementor-section-height-min-height elementor-section-stretched elementor-section-boxed elementor-section-height-default elementor-section-items-middle\" data-id=\"0858780\" data-element_type=\"section\" data-settings=\"{&quot;stretch_section&quot;:&quot;section-stretched&quot;,&quot;background_background&quot;:&quot;classic&quot;,&quot;grandrestaurant_ext_is_background_parallax&quot;:&quot;true&quot;,&quot;shape_divider_bottom&quot;:&quot;split&quot;,&quot;grandrestaurant_ext_is_background_parallax_speed&quot;:{&quot;unit&quot;:&quot;px&quot;,&quot;size&quot;:0.8000000000000000444089209850062616169452667236328125,&quot;sizes&quot;:[]},&quot;grandrestaurant_ext_is_background_backdrop&quot;:&quot;false&quot;,&quot;grandrestaurant_ext_is_background_on_scroll&quot;:&quot;false&quot;}\">\n\t\t\t\t\t\t\t<div class=\"elementor-background-overlay\"><\/div>\n\t\t\t\t\t\t<div class=\"elementor-shape elementor-shape-bottom\" data-negative=\"false\">\n\t\t\t<svg xmlns=\"http:\/\/www.w3.org\/2000\/svg\" viewbox=\"0 0 1000 20\" preserveaspectratio=\"none\">\n\t<path class=\"elementor-shape-fill\" d=\"M0,0v3c0,0,393.8,0,483.4,0c9.2,0,16.6,7.4,16.6,16.6c0-9.1,7.4-16.6,16.6-16.6C606.2,3,1000,3,1000,3V0H0z\"\/>\n<\/svg>\t\t<\/div>\n\t\t\t\t\t<div class=\"elementor-container elementor-column-gap-default\">\n\t\t\t\t\t<div class=\"elementor-column elementor-col-100 elementor-top-column elementor-element elementor-element-5a5aff9\" data-id=\"5a5aff9\" data-element_type=\"column\" data-settings=\"{&quot;grandrestaurant_ext_link_reservation&quot;:&quot;false&quot;,&quot;grandrestaurant_ext_link_sidemenu&quot;:&quot;false&quot;,&quot;grandrestaurant_ext_link_fullmenu&quot;:&quot;false&quot;,&quot;grandrestaurant_ext_link_closed_fullmenu&quot;:&quot;false&quot;,&quot;grandrestaurant_ext_is_scrollme&quot;:&quot;false&quot;,&quot;grandrestaurant_ext_is_smoove&quot;:&quot;false&quot;,&quot;grandrestaurant_ext_is_parallax_mouse&quot;:&quot;false&quot;,&quot;grandrestaurant_ext_is_infinite&quot;:&quot;false&quot;,&quot;grandrestaurant_ext_is_fadeout_animation&quot;:&quot;false&quot;,&quot;grandrestaurant_ext_mobile_static&quot;:&quot;false&quot;}\">\n\t\t\t<div class=\"elementor-widget-wrap elementor-element-populated\">\n\t\t\t\t\t\t<div class=\"elementor-element elementor-element-6095e86 elementor-widget__width-inherit elementor-widget elementor-widget-grandrestaurant-animated-text\" data-id=\"6095e86\" data-element_type=\"widget\" data-settings=\"{&quot;grandrestaurant_ext_link_reservation&quot;:&quot;false&quot;,&quot;grandrestaurant_ext_link_sidemenu&quot;:&quot;false&quot;,&quot;grandrestaurant_ext_link_fullmenu&quot;:&quot;false&quot;,&quot;grandrestaurant_ext_link_closed_fullmenu&quot;:&quot;false&quot;,&quot;grandrestaurant_ext_is_scrollme&quot;:&quot;false&quot;,&quot;grandrestaurant_ext_is_smoove&quot;:&quot;false&quot;,&quot;grandrestaurant_ext_is_parallax_mouse&quot;:&quot;false&quot;,&quot;grandrestaurant_ext_is_infinite&quot;:&quot;false&quot;,&quot;grandrestaurant_ext_mobile_static&quot;:&quot;false&quot;}\" data-widget_type=\"grandrestaurant-animated-text.default\">\n\t\t\t\t<div class=\"elementor-widget-container\">\n\t\t\t\t\t<div class=\"themegoods-animated-text text-alignment-center transition-bottom overflow-hidden\" data-delimiter=\"sentence\" data-transition=\"100\" data-transition-delay=\"200\" data-transition-duration=\"800\">\n\t\t<h2>\n\t\tUDMA\t<\/h2>\n\t<\/div>\t\t\t\t<\/div>\n\t\t\t\t<\/div>\n\t\t\t\t<div class=\"elementor-element elementor-element-c8ea5fe elementor-widget__width-auto elementor-widget elementor-widget-grandrestaurant-animated-text\" data-id=\"c8ea5fe\" data-element_type=\"widget\" data-settings=\"{&quot;grandrestaurant_ext_link_reservation&quot;:&quot;false&quot;,&quot;grandrestaurant_ext_link_sidemenu&quot;:&quot;false&quot;,&quot;grandrestaurant_ext_link_fullmenu&quot;:&quot;false&quot;,&quot;grandrestaurant_ext_link_closed_fullmenu&quot;:&quot;false&quot;,&quot;grandrestaurant_ext_is_scrollme&quot;:&quot;false&quot;,&quot;grandrestaurant_ext_is_smoove&quot;:&quot;false&quot;,&quot;grandrestaurant_ext_is_parallax_mouse&quot;:&quot;false&quot;,&quot;grandrestaurant_ext_is_infinite&quot;:&quot;false&quot;,&quot;grandrestaurant_ext_mobile_static&quot;:&quot;false&quot;}\" data-widget_type=\"grandrestaurant-animated-text.default\">\n\t\t\t\t<div class=\"elementor-widget-container\">\n\t\t\t\t\t<div class=\"themegoods-animated-text text-alignment- transition-bottom overflow-hidden\" data-delimiter=\"word\" data-transition=\"100\" data-transition-delay=\"400\" data-transition-duration=\"800\">\n\t\t<h2>\n\t\tHAKKIMIZDA\t<\/h2>\n\t<\/div>\t\t\t\t<\/div>\n\t\t\t\t<\/div>\n\t\t\t\t\t<\/div>\n\t\t<\/div>\n\t\t\t\t\t<\/div>\n\t\t<\/section>\n\t\t<div class=\"elementor-element elementor-element-9575b61 e-flex e-con-boxed e-con e-parent\" data-id=\"9575b61\" data-element_type=\"container\" data-settings=\"{&quot;grandrestaurant_ext_is_background_parallax&quot;:&quot;false&quot;,&quot;grandrestaurant_ext_is_background_backdrop&quot;:&quot;false&quot;,&quot;grandrestaurant_ext_is_background_on_scroll&quot;:&quot;false&quot;,&quot;grandrestaurant_ext_link_reservation&quot;:&quot;false&quot;,&quot;grandrestaurant_ext_link_sidemenu&quot;:&quot;false&quot;,&quot;grandrestaurant_ext_link_fullmenu&quot;:&quot;false&quot;,&quot;grandrestaurant_ext_link_closed_fullmenu&quot;:&quot;false&quot;,&quot;grandrestaurant_ext_is_scrollme&quot;:&quot;false&quot;,&quot;grandrestaurant_ext_is_smoove&quot;:&quot;false&quot;,&quot;grandrestaurant_ext_is_parallax_mouse&quot;:&quot;false&quot;,&quot;grandrestaurant_ext_is_infinite&quot;:&quot;false&quot;,&quot;grandrestaurant_ext_is_fadeout_animation&quot;:&quot;false&quot;,&quot;grandrestaurant_ext_mobile_static&quot;:&quot;false&quot;}\">\n\t\t\t\t\t<div class=\"e-con-inner\">\n\t\t\t\t<div class=\"elementor-element elementor-element-8d6045e elementor-widget elementor-widget-text-editor\" data-id=\"8d6045e\" data-element_type=\"widget\" data-settings=\"{&quot;grandrestaurant_ext_link_reservation&quot;:&quot;false&quot;,&quot;grandrestaurant_ext_link_sidemenu&quot;:&quot;false&quot;,&quot;grandrestaurant_ext_link_fullmenu&quot;:&quot;false&quot;,&quot;grandrestaurant_ext_link_closed_fullmenu&quot;:&quot;false&quot;,&quot;grandrestaurant_ext_is_scrollme&quot;:&quot;false&quot;,&quot;grandrestaurant_ext_is_smoove&quot;:&quot;false&quot;,&quot;grandrestaurant_ext_is_parallax_mouse&quot;:&quot;false&quot;,&quot;grandrestaurant_ext_is_infinite&quot;:&quot;false&quot;,&quot;grandrestaurant_ext_is_fadeout_animation&quot;:&quot;false&quot;,&quot;grandrestaurant_ext_mobile_static&quot;:&quot;false&quot;}\" data-widget_type=\"text-editor.default\">\n\t\t\t\t<div class=\"elementor-widget-container\">\n\t\t\t\t\t\t\t\t\t<p>Gaziantep B\u00fcy\u00fck\u015fehir Belediyesi Udma Peynir M\u00fczesi Restoran; Gaziantep\u2019in en eski ilk \u00e7ifte hamam\u0131nda kurulmu\u015f \u00f6zel bir olu\u015fumdur.<\/p><p>M\u00fczemizin ad\u0131 Udma Peynir M\u00fczesi ve Restoran olup; Udma kelimesi K\u00e2\u015fgarl\u0131 Mahmud\u2019un Div\u00e2nu L\u00fcgat-it T\u00fcrk eserinde ge\u00e7mektedir. S\u00fct\u00fc mayalamak yerine s\u00fct\u00fc uyutmak: Udh\u0131tma-Udma kelimesini kullanm\u0131\u015ft\u0131r. M\u00fcze &amp; Restoran\u0131m\u0131z\u0131n ismi olduk\u00e7a manidar olup bin y\u0131ll\u0131k T\u00fcrk\u00e7e bir kelimedir.<\/p><p>K\u00e2\u015fgarl\u0131 Mahmud, Karahanl\u0131 Devleti\u2019nde ya\u015fam\u0131\u015f olup devletin resmi dili T\u00fcrk\u00e7e\u2019dir. Eserini kaleme ald\u0131\u011f\u0131 1074-1075 y\u0131llar\u0131nda T\u00fcrk\u00e7e\u2019nin Arap\u00e7adan \u00fcst\u00fcn oldu\u011funu ispatlayabilmek i\u00e7in Div\u00e2nu L\u00fcgat-it T\u00fcrk adl\u0131 s\u00f6zl\u00fckte her kelimeye bir mana katm\u0131\u015ft\u0131r.<\/p><p>Gaziantep B\u00fcy\u00fck\u015fehir Belediye Ba\u015fkan\u0131 Fatma \u015eahin\u2019in vizyon projeleri aras\u0131nda yer alan UDMA Peynir M\u00fczesi Restoran 15 Eyl\u00fcl 2022 tarihinde ziyaret\u00e7ilerine kap\u0131lar\u0131n\u0131 a\u00e7t\u0131.<\/p><p>Peynirin ba\u015flang\u0131c\u0131 g\u00fcn\u00fcm\u00fczden 9 bin y\u0131l \u00f6ncesine tarihlenmektedir. T\u00fcrkiye\u2019ye ait olan 160 \u00e7e\u015fit peynir t\u00fcr\u00fc i\u00e7erisinde Antep Peyniri apayr\u0131 bir konuma sahiptir. Bu denli k\u00f6kl\u00fc ve de\u011ferli bir lezzetin D\u00fcnyaya m\u00fcze ve restoran arac\u0131l\u0131\u011f\u0131 ile tan\u0131t\u0131lmas\u0131 b\u00fcy\u00fck bir \u00f6nem arz etmektedir. M\u00fcze, halk aras\u0131nda ve kaynaklarda \u201cEski Hamam\u201d ya da \u201cPazarc\u0131k Hamam\u0131\u201d diye ge\u00e7mekte olup tarihi XIV. y\u00fczy\u0131la uzanmaktad\u0131r.<\/p><p>Tarihi bir atmosfer i\u00e7erisinde Antep Peynirinin tarih\u00e7esi ziyaret\u00e7ilerimize oda oda aktar\u0131lmaktad\u0131r. Gaziantep\u2019in tescilli lezzet de\u011ferleri aras\u0131nda yer alan Antep Peyniri ile ilgili olarak sim\u00fclasyon g\u00f6sterisi, mayalama unsurlar\u0131, kaplar ve Antep Peynirlerinin maketleriyle ziyaret\u00e7ilerimizi a\u011f\u0131rl\u0131yoruz.<\/p><p>\u00d6yle ki; M\u00fczeler \u015eehri diye an\u0131lan Gaziantep, Gastronomi alan\u0131nda a\u00e7m\u0131\u015f oldu\u011fu m\u00fczeleriyle D\u00fcnyada \u00f6nemli bir \u00f6rnek \u015fehir stat\u00fcs\u00fcndedir. UDMA Peynir M\u00fczesi &amp; Restoran bu bak\u0131mdan \u00f6nemli bir yere sahiptir.<\/p><p>Her ay d\u00fczenlenen Peynir Yap\u0131m At\u00f6lyeleri ile kat\u0131l\u0131mc\u0131lara ge\u00e7mi\u015ften g\u00fcn\u00fcm\u00fcze peynirin yap\u0131m a\u015famalar\u0131 uygulamal\u0131 olarak g\u00f6sterilirken, sofralar\u0131m\u0131za geli\u015f a\u015famas\u0131 ve s\u00fcrd\u00fcr\u00fclebilirli\u011fi anlat\u0131lmaktad\u0131r.<\/p><p>Yap\u0131 i\u00e7erisinde bulunan markette ise misafirlerimize restoranda kahvalt\u0131da sunulan her \u00fcr\u00fcn\u00fcn sat\u0131\u015f\u0131 yap\u0131lmaktad\u0131r. Gaziantep B\u00fcy\u00fck\u015fehir Belediyesi\u2019ne ait olan \u00fcretim tesislerinde tamamen do\u011fal ve katk\u0131 maddesi olmadan \u00fcretilen \u00fcr\u00fcnler sat\u0131\u015fa sunulmu\u015ftur.<\/p><p>Tarihi bir atmosfer i\u00e7erisinde yer alan Restoran\u0131m\u0131zda, 28\u2019i so\u011fuk 10\u2019u s\u0131cak olmak \u00fczere 38 \u00e7e\u015fitten olu\u015fan serpme kahvalt\u0131l\u0131k \u00fcr\u00fcn ile ekstra spesiyaller ve tecr\u00fcbeli personellerimizle hizmet veriyoruz.<\/p>\t\t\t\t\t\t\t\t<\/div>\n\t\t\t\t<\/div>\n\t\t\t\t\t<\/div>\n\t\t\t\t<\/div>\n\t\t\t\t<\/div>","protected":false},"excerpt":{"rendered":"<p>UDMA HAKKIMIZDA Gaziantep B\u00fcy\u00fck\u015fehir Belediyesi Udma Peynir M\u00fczesi Restoran; Gaziantep\u2019in en eski ilk \u00e7ifte hamam\u0131nda kurulmu\u015f \u00f6zel bir olu\u015fumdur. M\u00fczemizin ad\u0131 Udma Peynir M\u00fczesi ve Restoran olup; Udma kelimesi K\u00e2\u015fgarl\u0131 Mahmud\u2019un Div\u00e2nu L\u00fcgat-it T\u00fcrk eserinde ge\u00e7mektedir. S\u00fct\u00fc mayalamak yerine s\u00fct\u00fc [&hellip;]<\/p>","protected":false},"author":1,"featured_media":0,"parent":0,"menu_order":0,"comment_status":"closed","ping_status":"closed","template":"","meta":{"om_disable_all_campaigns":false,"footnotes":""},"class_list":["post-4716","page","type-page","status-publish","hentry"],"_links":{"self":[{"href":"https:\/\/udmamuze.com\/en-uk\/wp-json\/wp\/v2\/pages\/4716","targetHints":{"allow":["GET"]}}],"collection":[{"href":"https:\/\/udmamuze.com\/en-uk\/wp-json\/wp\/v2\/pages"}],"about":[{"href":"https:\/\/udmamuze.com\/en-uk\/wp-json\/wp\/v2\/types\/page"}],"author":[{"embeddable":true,"href":"https:\/\/udmamuze.com\/en-uk\/wp-json\/wp\/v2\/users\/1"}],"replies":[{"embeddable":true,"href":"https:\/\/udmamuze.com\/en-uk\/wp-json\/wp\/v2\/comments?post=4716"}],"version-history":[{"count":8,"href":"https:\/\/udmamuze.com\/en-uk\/wp-json\/wp\/v2\/pages\/4716\/revisions"}],"predecessor-version":[{"id":6777,"href":"https:\/\/udmamuze.com\/en-uk\/wp-json\/wp\/v2\/pages\/4716\/revisions\/6777"}],"wp:attachment":[{"href":"https:\/\/udmamuze.com\/en-uk\/wp-json\/wp\/v2\/media?parent=4716"}],"curies":[{"name":"wp","href":"https:\/\/api.w.org\/{rel}","templated":true}]}}